{"id":4553,"date":"2017-01-29T19:39:08","date_gmt":"2017-01-29T17:39:08","guid":{"rendered":"http:\/\/referendarrat-sh.de\/?page_id=4553"},"modified":"2021-05-13T15:59:33","modified_gmt":"2021-05-13T13:59:33","slug":"klausurenstandort-luebeck","status":"publish","type":"page","link":"https:\/\/referendarrat-sh.de\/?page_id=4553","title":{"rendered":"Klausurenstandort L\u00fcbeck"},"content":{"rendered":"<p>Liebe Kolleginnen und Kollegen,<\/p>\n<div class=\"\" data-block=\"true\" data-editor=\"2u8tn\" data-offset-key=\"a4gn3-0-0\">\n<p class=\"_1mf _1mj\" data-offset-key=\"a4gn3-0-0\"><span data-offset-key=\"a4gn3-0-0\"><strong>seit Dezember 2018<\/strong> habt ihr wieder die M\u00f6glichkeit, neben den Standorten Schleswig und Kiel, eure Zweite Juristische Staatspr\u00fcfung in L\u00fcbeck abzulegen. Vorrang bei der Platzvergabe haben die L\u00fcbecker Referendare.<\/span><\/p>\n<p class=\"_1mf _1mj\" data-offset-key=\"a4gn3-0-0\"><span data-offset-key=\"a4gn3-0-0\">Wir bedanken uns ausdr\u00fccklich bei dem Referendarrat 2017\/2018 f\u00fcr den starken Einsatz und das intensive Engagement, das zu diesem Ergebnis gef\u00fchrt hat.<\/span><\/p>\n<\/div>\n<div class=\"\" data-block=\"true\" data-editor=\"2u8tn\" data-offset-key=\"2eusf-0-0\">\n<p class=\"_1mf _1mj\" data-offset-key=\"2eusf-0-0\"><span data-offset-key=\"2eusf-0-0\">\u00a0<\/span><\/p>\n<\/div>\n<p>Euer Referendarrat<\/p>\n","protected":false},"excerpt":{"rendered":"<p>Liebe Kolleginnen und Kollegen, seit Dezember 2018 habt ihr wieder die M\u00f6glichkeit, neben den Standorten Schleswig und Kiel, eure Zweite Juristische Staatspr\u00fcfung in L\u00fcbeck abzulegen. Vorrang bei der Platzvergabe haben die L\u00fcbecker Referendare. Wir bedanken uns ausdr\u00fccklich bei dem Referendarrat &hellip; <a href=\"https:\/\/referendarrat-sh.de\/?page_id=4553\">Weiterlesen <span class=\"meta-nav\">&rarr;<\/span><\/a><\/p>\n","protected":false},"author":1,"featured_media":0,"parent":4479,"menu_order":0,"comment_status":"open","ping_status":"closed","template":"","meta":{"footnotes":""},"class_list":["post-4553","page","type-page","status-publish","hentry"],"_links":{"self":[{"href":"https:\/\/referendarrat-sh.de\/index.php?rest_route=\/wp\/v2\/pages\/4553","targetHints":{"allow":["GET"]}}],"collection":[{"href":"https:\/\/referendarrat-sh.de\/index.php?rest_route=\/wp\/v2\/pages"}],"about":[{"href":"https:\/\/referendarrat-sh.de\/index.php?rest_route=\/wp\/v2\/types\/page"}],"author":[{"embeddable":true,"href":"https:\/\/referendarrat-sh.de\/index.php?rest_route=\/wp\/v2\/users\/1"}],"replies":[{"embeddable":true,"href":"https:\/\/referendarrat-sh.de\/index.php?rest_route=%2Fwp%2Fv2%2Fcomments&post=4553"}],"version-history":[{"count":10,"href":"https:\/\/referendarrat-sh.de\/index.php?rest_route=\/wp\/v2\/pages\/4553\/revisions"}],"predecessor-version":[{"id":5958,"href":"https:\/\/referendarrat-sh.de\/index.php?rest_route=\/wp\/v2\/pages\/4553\/revisions\/5958"}],"up":[{"embeddable":true,"href":"https:\/\/referendarrat-sh.de\/index.php?rest_route=\/wp\/v2\/pages\/4479"}],"wp:attachment":[{"href":"https:\/\/referendarrat-sh.de\/index.php?rest_route=%2Fwp%2Fv2%2Fmedia&parent=4553"}],"curies":[{"name":"wp","href":"https:\/\/api.w.org\/{rel}","templated":true}]}}