{"id":4490,"date":"2016-08-25T15:11:48","date_gmt":"2016-08-25T13:11:48","guid":{"rendered":"http:\/\/referendarrat-sh.de\/?page_id=3824"},"modified":"2025-08-17T13:57:15","modified_gmt":"2025-08-17T11:57:15","slug":"soziales","status":"publish","type":"page","link":"https:\/\/referendarrat-sh.de\/?page_id=4490","title":{"rendered":"Soziales &amp; Psyche"},"content":{"rendered":"<p>Das Referat Soziales &amp; Psyche widmet sich den vielf\u00e4ltigen sozialen und psychischen Fragestellungen, die w\u00e4hrend des Referendariats auftreten k\u00f6nnen. Neben den klassischen Themen wie H\u00e4rtefallantr\u00e4gen, Sonderurlauben und weiteren \u201eSonderf\u00e4llen\u201c, die vor und w\u00e4hrend des Referendariats relevant sind, nimmt das Referat nun verst\u00e4rkt die psychische Gesundheit und das Wohlbefinden der Referendar*innen sowie das Vorantreiben der Vereinbarkeit von Familie und Referendariat in den Blick.<\/p>\n<p>Zu den zentralen Aufgaben geh\u00f6ren:<\/p>\n<ul>\n<li>Evaluation und F\u00f6rderung der Vereinbarkeit von Elternsein und Referendariat durch regelm\u00e4\u00dfige Bedarfsanalysen und Impulse zur Verbesserung dieser Situation (wir freuen uns \u00fcberzahlreiche Antworten zu unserer Umfrage!<\/li>\n<li>Unterst\u00fctzung bei sozialrechtlichen Anliegen, z.B. Schwangerschaft, Mutterschutz, Elternzeit, Kinderbetreuung, kindbezogene finanzielle Leistungen, Wohngeld oder Krankheitsf\u00e4llen<br \/>Unterst\u00fctzung bei der Vermittlung von psychologischen Hilfsangeboten, etwa bei der Suche nach Therapiepl\u00e4tzen<\/li>\n<li>F\u00f6rderung des Bewusstseins f\u00fcr psychische Gesundheit und Koordination von Austausch- sowie Unterst\u00fctzungsangeboten, z.B. durch Kooperationen mit Beratungsstellen oder Workshops<\/li>\n<li>Individuelle Beratung von Referendar*innen per E-Mail oder Telefon, sowie in Ausnahmef\u00e4llen Begleitung bei Gespr\u00e4chen mit dem Oberlandesgericht oder anderen Stellen<\/li>\n<li>Regelm\u00e4\u00dfige Aktualisierung unserer Leitf\u00e4den, insbesondere des Kunterbunten Fadens (<a href=\"http:\/\/referendarrat-sh.de\/wp-content\/uploads\/2022\/05\/2021_Kunterbunter_Faden_Word.pdf\" target=\"_blank\" rel=\"noopener noreferrer\" data-saferedirecturl=\"https:\/\/www.google.com\/url?q=http:\/\/referendarrat-sh.de\/wp-content\/uploads\/2022\/05\/2021_Kunterbunter_Faden_Word.pdf&amp;source=gmail&amp;ust=1754582389665000&amp;usg=AOvVaw07T976munZAJWExpM-QoiQ\">http:\/\/referendarrat-sh.de\/wp<wbr \/>-content\/uploads\/2022\/05\/2021_<wbr \/>Kunterbunter_Faden_Word.pdf<\/a>) und des Blauen Fadens (<a href=\"http:\/\/referendarrat-sh.de\/wp-content\/uploads\/2022\/05\/2021_Blauer_Faden_Word.pdf\" target=\"_blank\" rel=\"noopener noreferrer\" data-saferedirecturl=\"https:\/\/www.google.com\/url?q=http:\/\/referendarrat-sh.de\/wp-content\/uploads\/2022\/05\/2021_Blauer_Faden_Word.pdf&amp;source=gmail&amp;ust=1754582389665000&amp;usg=AOvVaw1oN9_og_cWdZceEEfYX9Wi\">http:\/\/referendarrat-sh.de\/wp<wbr \/>-content\/uploads\/2022\/05\/2021_<wbr \/>Blauer_Faden_Word.pdf<\/a>)<\/li>\n<\/ul>\n<p><strong>Dieses Referat wird aktuell betreut von Hannah Strewe und Isabell Kraus.<\/strong><\/p>\n\n\n<figure class=\"wp-block-gallery has-nested-images columns-default is-cropped wp-block-gallery-1 is-layout-flex wp-block-gallery-is-layout-flex\">\n<figure class=\"wp-block-image size-full\"><a href=\"https:\/\/referendarrat-sh.de\/wp-content\/uploads\/2025\/08\/Isabell-scaled.jpg\"><img loading=\"lazy\" decoding=\"async\" width=\"1707\" height=\"2560\" data-id=\"11315\" src=\"https:\/\/referendarrat-sh.de\/wp-content\/uploads\/2025\/08\/Isabell-scaled.jpg\" alt=\"\" class=\"wp-image-11315\" srcset=\"https:\/\/referendarrat-sh.de\/wp-content\/uploads\/2025\/08\/Isabell-scaled.jpg 1707w, https:\/\/referendarrat-sh.de\/wp-content\/uploads\/2025\/08\/Isabell-200x300.jpg 200w, https:\/\/referendarrat-sh.de\/wp-content\/uploads\/2025\/08\/Isabell-683x1024.jpg 683w, https:\/\/referendarrat-sh.de\/wp-content\/uploads\/2025\/08\/Isabell-768x1152.jpg 768w, https:\/\/referendarrat-sh.de\/wp-content\/uploads\/2025\/08\/Isabell-1024x1536.jpg 1024w, https:\/\/referendarrat-sh.de\/wp-content\/uploads\/2025\/08\/Isabell-1365x2048.jpg 1365w\" sizes=\"auto, (max-width: 1707px) 100vw, 1707px\" \/><\/a><\/figure>\n\n\n\n<figure class=\"wp-block-image size-full\"><a href=\"https:\/\/referendarrat-sh.de\/wp-content\/uploads\/2025\/08\/Hannah-S-scaled.jpg\"><img loading=\"lazy\" decoding=\"async\" width=\"1342\" height=\"2560\" data-id=\"11314\" src=\"https:\/\/referendarrat-sh.de\/wp-content\/uploads\/2025\/08\/Hannah-S-scaled.jpg\" alt=\"\" class=\"wp-image-11314\" srcset=\"https:\/\/referendarrat-sh.de\/wp-content\/uploads\/2025\/08\/Hannah-S-scaled.jpg 1342w, https:\/\/referendarrat-sh.de\/wp-content\/uploads\/2025\/08\/Hannah-S-157x300.jpg 157w, https:\/\/referendarrat-sh.de\/wp-content\/uploads\/2025\/08\/Hannah-S-537x1024.jpg 537w, https:\/\/referendarrat-sh.de\/wp-content\/uploads\/2025\/08\/Hannah-S-768x1465.jpg 768w, https:\/\/referendarrat-sh.de\/wp-content\/uploads\/2025\/08\/Hannah-S-805x1536.jpg 805w, https:\/\/referendarrat-sh.de\/wp-content\/uploads\/2025\/08\/Hannah-S-1074x2048.jpg 1074w\" sizes=\"auto, (max-width: 1342px) 100vw, 1342px\" \/><\/a><\/figure>\n<\/figure>\n\n\n\n<p>Du erreichst Hannah und Isabell unter <a href=\"mailto:Soziales@referendarrat-sh.de\" target=\"_blank\" rel=\"noreferrer noopener\">Soziales@referendarrat-sh.de<\/a>.<\/p>\n\n\n\n<p>Umfrage zum Elternsein im Rechtsreferendariat Schleswig-Holstein<\/p>\n\n\n\n<p>Liebe Referendar*innen,<\/p>\n\n\n\n<p>das Referat Soziales &amp; Psyche m\u00f6chte die Vereinbarkeit von Elternschaft und Referendariat weiter verbessern. Dazu f\u00fchren wir aktuell eine Umfrage durch, um konkrete Schwachstellen zu identifizieren und gezielte Unterst\u00fctzungsm\u00f6glichkeiten zu entwickeln.<\/p>\n\n\n\n<p>Uns ist wichtig: Alle Angaben sind freiwillig und k\u00f6nnen auch teilweise ausgef\u00fcllt werden. Auch die Freitextfelder sind optional. Jeder Beitrag hilft uns weiter \u2013 schon wenige beantwortete Fragen sind f\u00fcr uns wertvoll!<\/p>\n\n\n\n<p>Falls du lieber telefonisch befragt werden m\u00f6chtest oder Fragen zur Umfrage hast, melde dich gerne jederzeit bei uns unter:\u2028<a href=\"mailto:soziales@referendarrat-sh.de\" target=\"_blank\" rel=\"noreferrer noopener\">soziales@referendarrat-sh.de<\/a><\/p>\n\n\n\n<p>Hier findest du den Fragebogen <a href=\"http:\/\/referendarrat-sh.de\/wp-content\/uploads\/2025\/08\/20250724_Soziales_Fragebogen-Eltern-final.pdf\">zum Download.<\/a><\/p>\n","protected":false},"excerpt":{"rendered":"<p>Das Referat Soziales &amp; Psyche widmet sich den vielf\u00e4ltigen sozialen und psychischen Fragestellungen, die w\u00e4hrend des Referendariats auftreten k\u00f6nnen. Neben den klassischen Themen wie H\u00e4rtefallantr\u00e4gen, Sonderurlauben und weiteren \u201eSonderf\u00e4llen\u201c, die vor und w\u00e4hrend des Referendariats relevant sind, nimmt das Referat &hellip; <a href=\"https:\/\/referendarrat-sh.de\/?page_id=4490\">Weiterlesen <span class=\"meta-nav\">&rarr;<\/span><\/a><\/p>\n","protected":false},"author":1,"featured_media":0,"parent":4496,"menu_order":0,"comment_status":"closed","ping_status":"closed","template":"","meta":{"footnotes":""},"class_list":["post-4490","page","type-page","status-publish","hentry"],"_links":{"self":[{"href":"https:\/\/referendarrat-sh.de\/index.php?rest_route=\/wp\/v2\/pages\/4490","targetHints":{"allow":["GET"]}}],"collection":[{"href":"https:\/\/referendarrat-sh.de\/index.php?rest_route=\/wp\/v2\/pages"}],"about":[{"href":"https:\/\/referendarrat-sh.de\/index.php?rest_route=\/wp\/v2\/types\/page"}],"author":[{"embeddable":true,"href":"https:\/\/referendarrat-sh.de\/index.php?rest_route=\/wp\/v2\/users\/1"}],"replies":[{"embeddable":true,"href":"https:\/\/referendarrat-sh.de\/index.php?rest_route=%2Fwp%2Fv2%2Fcomments&post=4490"}],"version-history":[{"count":31,"href":"https:\/\/referendarrat-sh.de\/index.php?rest_route=\/wp\/v2\/pages\/4490\/revisions"}],"predecessor-version":[{"id":11329,"href":"https:\/\/referendarrat-sh.de\/index.php?rest_route=\/wp\/v2\/pages\/4490\/revisions\/11329"}],"up":[{"embeddable":true,"href":"https:\/\/referendarrat-sh.de\/index.php?rest_route=\/wp\/v2\/pages\/4496"}],"wp:attachment":[{"href":"https:\/\/referendarrat-sh.de\/index.php?rest_route=%2Fwp%2Fv2%2Fmedia&parent=4490"}],"curies":[{"name":"wp","href":"https:\/\/api.w.org\/{rel}","templated":true}]}}