{"id":4474,"date":"2019-10-10T08:00:43","date_gmt":"2019-10-10T06:00:43","guid":{"rendered":"http:\/\/referendarrat-sh.de\/?page_id=14"},"modified":"2025-12-29T15:27:46","modified_gmt":"2025-12-29T13:27:46","slug":"leitfaden","status":"publish","type":"page","link":"https:\/\/referendarrat-sh.de\/?page_id=4474","title":{"rendered":"Leitf\u00e4den, Formulare, Richtlinien"},"content":{"rendered":"<h1 style=\"text-align: left;\"><strong>Informationen zu verschiedenen Bereichen des Referendariats<\/strong><\/h1>\n<ul>\n<li><a href=\"https:\/\/www.schleswig-holstein.de\/DE\/justiz\/gerichte-und-justizbehoerden\/OLG\/Aufgaben\/Referendare_alt\/Referendarformulare\/FormualreReferendariat.html\">Link zum OLG Schleswig <\/a>mit einigen wichtigen Formularen f\u00fcr das Referendariat<\/li>\n<li><a href=\"https:\/\/justiz.hamburg.de\/wichtige-vorschriften-und-termine\/\">Link zum GPA Hamburg<\/a> mit wichtigen Vorschriften und Terminen<\/li>\n<\/ul>\n<h4 style=\"text-align: left;\"><strong>Richtlinien<\/strong><\/h4>\n<ul>\n<li><a href=\"http:\/\/referendarrat-sh.de\/wp-content\/uploads\/2018\/06\/Neue-Ausbildungsrichtlinie-4.-Juni-2018.pdf\">Ausbildungsrichtlinie\u00a0 (Allgemein) 4. Juni 2018<\/a><\/li>\n<li><a href=\"http:\/\/referendarrat-sh.de\/wp-content\/uploads\/2012\/12\/Ausbildungsrichtlinien-f\u00fcr-rechtsreferendare.pdf\">Ausbildungsrichtlinie in Strafsachen Juni 2018<\/a><\/li>\n<li><a href=\"http:\/\/referendarrat-sh.de\/wp-content\/uploads\/2021\/12\/Ri-Referendarausbildung_R-Amtsbl-Nr-47-Nov2021.pdf\">Ausbildungsrichtlinie im \u00d6ffentlichen Recht 2021<\/a><\/li>\n<\/ul>\n<div>\n<h2 style=\"text-align: left;\"><strong>Leitf\u00e4den<\/strong><\/h2>\n<\/div>\n<div>\n<p>Die Leitf\u00e4den enthalten wichtige Informationen f\u00fcr Referendar:innen \u00fcber die Zeit vor, w\u00e4hrend und nach dem Referendariat.<br \/>Wir sind immer bem\u00fcht, die Leitf\u00e4den auf dem neuesten Stand zu halten und nach bestem Wissen und Gewissen zu erstellen. Dennoch k\u00f6nnen wir keine Gew\u00e4hr f\u00fcr die Vollst\u00e4ndigkeit und Richtigkeit der zusammengestellten Informationen \u00fcbernehmen.<br \/>F\u00fcr besondere Fragen stehen wir euch gerne zur Verf\u00fcgung. Unter \u201cReferendarrat\u201d k\u00f6nnt ihr herausfinden, wer f\u00fcr welchen Bereich zust\u00e4ndig ist.<\/p>\n<p style=\"text-align: left;\"><strong>Folgende Leitf\u00e4den haben wir f\u00fcr euch erstellt:<\/strong><\/p>\n<ul>\n<li><a href=\"http:\/\/referendarrat-sh.de\/wp-content\/uploads\/2022\/06\/2022_Basics_Faden_Word-1.pdf\">Basics<\/a>: Wichtige Informationen f\u00fcr den Start ins Referendariat<\/li>\n<li><a href=\"http:\/\/referendarrat-sh.de\/wp-content\/uploads\/2022\/09\/2022_Gelber_Faden_Word.pdf\">Gelber Faden<\/a>: Wie wird man Referendar?<\/li>\n<li><a href=\"http:\/\/referendarrat-sh.de\/wp-content\/uploads\/2025\/02\/2024_September_Roter_Faden_Word.pdf\">Roter Faden<\/a>: Informationen zum Ablauf des Referendariats in Schleswig-Holstein<\/li>\n<li><a href=\"http:\/\/referendarrat-sh.de\/wp-content\/uploads\/2025\/12\/2025_Schwarzer_Faden_PDF-Dezember-2025.pdf\">Schwarzer Faden<\/a>: Zweite Staatspr\u00fcfung f\u00fcr Juristen (2. Staatsexamen)<\/li>\n<li><a href=\"http:\/\/referendarrat-sh.de\/wp-content\/uploads\/2024\/09\/2024_Gruener_Faden_PDF-.pdf\">Gr\u00fcner Faden<\/a>: Auslandsaufenthalte<\/li>\n<li><a href=\"http:\/\/referendarrat-sh.de\/wp-content\/uploads\/2023\/02\/2023_Kunterbunter_Faden_Word.pdf\">Kunterbunter Faden<\/a>: Elternschaft im Referendariat<\/li>\n<li><a href=\"http:\/\/referendarrat-sh.de\/wp-content\/uploads\/2022\/07\/2022_Blauer_Faden_Word.pdf\">Blauer Faden<\/a>: Ende des Referendariats<\/li>\n<li><a href=\"http:\/\/referendarrat-sh.de\/wp-content\/uploads\/2022\/06\/2021_Orangener_Faden_Word.pdf\">Orangener Faden<\/a>: Pr\u00fcfungsanfechtung<\/li>\n<li><a href=\"http:\/\/referendarrat-sh.de\/wp-content\/uploads\/2012\/12\/Leitfaden-Pruefungsanfechtung-PDF.pdf\">Leitfaden Pr\u00fcfungsanfechtung<\/a><\/li>\n<li><a href=\"http:\/\/referendarrat-sh.de\/wp-content\/uploads\/2022\/03\/Infoblatt-EVD.pdf\">Info-Blatt f\u00fcr den EVD<\/a><\/li>\n<li><a href=\"http:\/\/referendarrat-sh.de\/wp-content\/uploads\/2022\/08\/Hinweise-Wahlstation-und-Schwerpunktpr\u00fcfung.pdf\">Informationen zu Wahlstation und Schwerpunktwahl in der m\u00fcndlichen Pr\u00fcfung<\/a><\/li>\n<\/ul>\n<p>Sollten sich in den Leitf\u00e4den Fehler eingeschlichen haben, entsprechen sie nicht dem neuesten Stand oder habt ihr Fragen, die dort unbedingt aufgenommen werden sollten, teilt uns dies bitte per Mail an <a href=\"mailto:info@referendarrat-sh.de\">info@referendarrat-sh.de<\/a> mit. Danke!<\/p>\n<\/div>\n<p><!--more--><\/p>\n\n\n<p class=\"has-text-align-center\"><\/p>\n","protected":false},"excerpt":{"rendered":"<p>Informationen zu verschiedenen Bereichen des Referendariats Link zum OLG Schleswig mit einigen wichtigen Formularen f\u00fcr das Referendariat Link zum GPA Hamburg mit wichtigen Vorschriften und Terminen Richtlinien Ausbildungsrichtlinie\u00a0 (Allgemein) 4. Juni 2018 Ausbildungsrichtlinie in Strafsachen Juni 2018 Ausbildungsrichtlinie im \u00d6ffentlichen &hellip; <a href=\"https:\/\/referendarrat-sh.de\/?page_id=4474\">Weiterlesen <span class=\"meta-nav\">&rarr;<\/span><\/a><\/p>\n","protected":false},"author":1,"featured_media":0,"parent":0,"menu_order":0,"comment_status":"closed","ping_status":"closed","template":"","meta":{"footnotes":""},"class_list":["post-4474","page","type-page","status-publish","hentry"],"_links":{"self":[{"href":"https:\/\/referendarrat-sh.de\/index.php?rest_route=\/wp\/v2\/pages\/4474","targetHints":{"allow":["GET"]}}],"collection":[{"href":"https:\/\/referendarrat-sh.de\/index.php?rest_route=\/wp\/v2\/pages"}],"about":[{"href":"https:\/\/referendarrat-sh.de\/index.php?rest_route=\/wp\/v2\/types\/page"}],"author":[{"embeddable":true,"href":"https:\/\/referendarrat-sh.de\/index.php?rest_route=\/wp\/v2\/users\/1"}],"replies":[{"embeddable":true,"href":"https:\/\/referendarrat-sh.de\/index.php?rest_route=%2Fwp%2Fv2%2Fcomments&post=4474"}],"version-history":[{"count":95,"href":"https:\/\/referendarrat-sh.de\/index.php?rest_route=\/wp\/v2\/pages\/4474\/revisions"}],"predecessor-version":[{"id":11373,"href":"https:\/\/referendarrat-sh.de\/index.php?rest_route=\/wp\/v2\/pages\/4474\/revisions\/11373"}],"wp:attachment":[{"href":"https:\/\/referendarrat-sh.de\/index.php?rest_route=%2Fwp%2Fv2%2Fmedia&parent=4474"}],"curies":[{"name":"wp","href":"https:\/\/api.w.org\/{rel}","templated":true}]}}