{"id":10889,"date":"2024-09-16T12:17:19","date_gmt":"2024-09-16T10:17:19","guid":{"rendered":"http:\/\/referendarrat-sh.de\/?page_id=10889"},"modified":"2024-09-16T12:17:19","modified_gmt":"2024-09-16T10:17:19","slug":"antidiskriminierung","status":"publish","type":"page","link":"https:\/\/referendarrat-sh.de\/?page_id=10889","title":{"rendered":"Antidiskriminierung"},"content":{"rendered":"\n<p>Als euer Referendarrat freut es euch mitteilen zu d\u00fcrfen, dass wir ab sofort auch das Referat \u201eAntidiskriminierung\u201c eingef\u00fchrt haben. Unser Ziel ist eine diskriminierungsfreie Ausbildung f\u00fcr alle Referendarinnen und Referendare. Neben der \u00dcberarbeitung von Lehrmaterialien und unsere eigenen Ver\u00f6ffentlichungen, m\u00f6chten wir euch auch ein offenes Ohr bieten, sofern ihr in der Einzelausbildung oder allgemein im Referendariat von Diskriminierung betroffen seid. Wir stehen euch  unter <a href=\"mailto:Antidiskriminierung@referendarrat-sh.de\">Antidiskriminierung@referendarrat-sh.de<\/a> zur Seite.<\/p>\n\n\n\n<p>Zust\u00e4ndig f\u00fcr dieses Referat sind Jannik Lochmann und Jule Eichner.<\/p>\n\n\n\n<div class=\"wp-block-group is-nowrap is-layout-flex wp-container-core-group-is-layout-ad2f72ca wp-block-group-is-layout-flex\">\n<figure class=\"wp-block-gallery has-nested-images columns-default is-cropped wp-block-gallery-1 is-layout-flex wp-block-gallery-is-layout-flex\">\n<figure class=\"wp-block-image size-large\"><a href=\"http:\/\/referendarrat-sh.de\/wp-content\/uploads\/2024\/07\/59065698-2180-4a22-9b76-d0792e56d931-e1720093746110.jpeg\"><img loading=\"lazy\" decoding=\"async\" width=\"700\" height=\"1024\" data-id=\"10717\" src=\"http:\/\/referendarrat-sh.de\/wp-content\/uploads\/2024\/07\/59065698-2180-4a22-9b76-d0792e56d931-e1720093746110-700x1024.jpeg\" alt=\"\" class=\"wp-image-10717\" srcset=\"https:\/\/referendarrat-sh.de\/wp-content\/uploads\/2024\/07\/59065698-2180-4a22-9b76-d0792e56d931-e1720093746110-700x1024.jpeg 700w, https:\/\/referendarrat-sh.de\/wp-content\/uploads\/2024\/07\/59065698-2180-4a22-9b76-d0792e56d931-e1720093746110-205x300.jpeg 205w, https:\/\/referendarrat-sh.de\/wp-content\/uploads\/2024\/07\/59065698-2180-4a22-9b76-d0792e56d931-e1720093746110-768x1123.jpeg 768w, https:\/\/referendarrat-sh.de\/wp-content\/uploads\/2024\/07\/59065698-2180-4a22-9b76-d0792e56d931-e1720093746110-1051x1536.jpeg 1051w, https:\/\/referendarrat-sh.de\/wp-content\/uploads\/2024\/07\/59065698-2180-4a22-9b76-d0792e56d931-e1720093746110.jpeg 1067w\" sizes=\"auto, (max-width: 700px) 100vw, 700px\" \/><\/a><figcaption class=\"wp-element-caption\">Jule<\/figcaption><\/figure>\n\n\n\n<figure class=\"wp-block-image size-large\"><a href=\"http:\/\/referendarrat-sh.de\/wp-content\/uploads\/2024\/07\/51d4fb42-7c2c-4b48-b80b-055691e9e245.jpeg\"><img loading=\"lazy\" decoding=\"async\" width=\"635\" height=\"1024\" data-id=\"10714\" src=\"http:\/\/referendarrat-sh.de\/wp-content\/uploads\/2024\/07\/51d4fb42-7c2c-4b48-b80b-055691e9e245-635x1024.jpeg\" alt=\"\" class=\"wp-image-10714\" srcset=\"https:\/\/referendarrat-sh.de\/wp-content\/uploads\/2024\/07\/51d4fb42-7c2c-4b48-b80b-055691e9e245-635x1024.jpeg 635w, https:\/\/referendarrat-sh.de\/wp-content\/uploads\/2024\/07\/51d4fb42-7c2c-4b48-b80b-055691e9e245-186x300.jpeg 186w, https:\/\/referendarrat-sh.de\/wp-content\/uploads\/2024\/07\/51d4fb42-7c2c-4b48-b80b-055691e9e245-768x1238.jpeg 768w, https:\/\/referendarrat-sh.de\/wp-content\/uploads\/2024\/07\/51d4fb42-7c2c-4b48-b80b-055691e9e245-953x1536.jpeg 953w, https:\/\/referendarrat-sh.de\/wp-content\/uploads\/2024\/07\/51d4fb42-7c2c-4b48-b80b-055691e9e245.jpeg 1270w\" sizes=\"auto, (max-width: 635px) 100vw, 635px\" \/><\/a><figcaption class=\"wp-element-caption\">Jannik<\/figcaption><\/figure>\n<\/figure>\n<\/div>\n","protected":false},"excerpt":{"rendered":"<p>Als euer Referendarrat freut es euch mitteilen zu d\u00fcrfen, dass wir ab sofort auch das Referat \u201eAntidiskriminierung\u201c eingef\u00fchrt haben. Unser Ziel ist eine diskriminierungsfreie Ausbildung f\u00fcr alle Referendarinnen und Referendare. Neben der \u00dcberarbeitung von Lehrmaterialien und unsere eigenen Ver\u00f6ffentlichungen, m\u00f6chten &hellip; <a href=\"https:\/\/referendarrat-sh.de\/?page_id=10889\">Weiterlesen <span class=\"meta-nav\">&rarr;<\/span><\/a><\/p>\n","protected":false},"author":1,"featured_media":0,"parent":0,"menu_order":0,"comment_status":"closed","ping_status":"closed","template":"","meta":{"footnotes":""},"class_list":["post-10889","page","type-page","status-publish","hentry"],"_links":{"self":[{"href":"https:\/\/referendarrat-sh.de\/index.php?rest_route=\/wp\/v2\/pages\/10889","targetHints":{"allow":["GET"]}}],"collection":[{"href":"https:\/\/referendarrat-sh.de\/index.php?rest_route=\/wp\/v2\/pages"}],"about":[{"href":"https:\/\/referendarrat-sh.de\/index.php?rest_route=\/wp\/v2\/types\/page"}],"author":[{"embeddable":true,"href":"https:\/\/referendarrat-sh.de\/index.php?rest_route=\/wp\/v2\/users\/1"}],"replies":[{"embeddable":true,"href":"https:\/\/referendarrat-sh.de\/index.php?rest_route=%2Fwp%2Fv2%2Fcomments&post=10889"}],"version-history":[{"count":1,"href":"https:\/\/referendarrat-sh.de\/index.php?rest_route=\/wp\/v2\/pages\/10889\/revisions"}],"predecessor-version":[{"id":10895,"href":"https:\/\/referendarrat-sh.de\/index.php?rest_route=\/wp\/v2\/pages\/10889\/revisions\/10895"}],"wp:attachment":[{"href":"https:\/\/referendarrat-sh.de\/index.php?rest_route=%2Fwp%2Fv2%2Fmedia&parent=10889"}],"curies":[{"name":"wp","href":"https:\/\/api.w.org\/{rel}","templated":true}]}}