{"id":7794,"date":"2021-05-13T13:59:09","date_gmt":"2021-05-13T11:59:09","guid":{"rendered":"http:\/\/referendarrat-sh.de\/?page_id=7794"},"modified":"2024-11-20T13:05:56","modified_gmt":"2024-11-20T11:05:56","slug":"der-referendarrat","status":"publish","type":"page","link":"http:\/\/referendarrat-sh.de\/?page_id=7794","title":{"rendered":"Aufgaben"},"content":{"rendered":"\n<p>Als Referendarrat Schleswig-Holstein sind wir der Personalrat der Rechtsreferendar:innen, den das Schleswig-Holsteinische Mitbestimmungsgesetz gem. \u00a7 69 vorsieht. Wir f\u00fchren f\u00fcr euch Gespr\u00e4che mit den Ministerien, verfassen Stellungnahmen an den Landtag, organisieren Veranstaltungen f\u00fcr Referendar:innen, stehen in den jeweiligen LG-Bezirken bei Anliegen zur Verf\u00fcgung, etc. Das Ziel unserer Arbeit ist stets die allgemeine Verbesserung der juristischen Ausbildung im Referendariat.<\/p>\n\n\n\n<p>In unseren Leitf\u00e4den und unter Sonstige Informationen findet ihr umfassendes Material zum Ablauf des Vorbereitungsdienstes. Bitte schaut zuerst dort sowie in den f\u00fcr die Ausbildung relevanten Gesetzestexten nach, bevor ihr eine Anfrage per Email an uns richtet. Wir haben die Leitf\u00e4den erarbeitet, damit Ihr durch einfache Recherche die entsprechenden Antworten auf Eure Fragen findet.<\/p>\n\n\n\n<p>Damit wir uns den wichtigsten Anliegen widmen k\u00f6nnen, bitten wir euch daher, erst einmal durch Eigenrecherche eure Fragen zu kl\u00e4ren. Dar\u00fcber hinaus gibt es Fragen, die nicht wir, sondern nur die Zust\u00e4ndigen am OLG Schleswig beantworten k\u00f6nnen, sodass diese bitte direkt an das OLG zu richten sind.<\/p>\n\n\n\n<p><strong><em>Unsere Zust\u00e4ndigkeit bestimmt \u00a7 69 Abs. 2 Mitbestimmungsgesetz:<\/em><\/strong><\/p>\n\n\n\n<p class=\"has-text-align-center\">&#8222;Der Referendarrat nimmt die Aufgaben eines Personalrates gegen\u00fcber der Pr\u00e4sidentin oder dem Pr\u00e4sidenten des Schleswig-Holsteinischen Oberlandesgerichtes und gegen\u00fcber allen anderen Dienststellen wahr, soweit ausschlie\u00dflich Referendarinnen und Referendare betroffen sind. In allen anderen Angelegenheiten vertritt der zust\u00e4ndige Personalrat die Referendarinnen und Referendare.&#8220;<\/p>\n\n\n\n<p>In spezifischen Referendarangelegenheiten sind wir also \u00fcber\u00f6rtlich f\u00fcr das ganze Land zust\u00e4ndig.<\/p>\n\n\n\n<p>Der Referendarrat wird (nur) f\u00fcr ein Jahr gew\u00e4hlt (\u00a7 72 Abs. 2 S. 1 MBG). Viele Vorschriften \u00fcber Personalr\u00e4te gelten auch f\u00fcr den Referendarrat. N\u00e4heres findet ihr in den \u00a7\u00a7 70-74 MBG. Neben den gesetzlichen 7 Mitgliedern (\u00a7 71 MBG) arbeiten von Anfang an auch die 7 Ersatzmitglieder (\u00a7 23 MBG) voll mit.<\/p>\n\n\n\n<hr class=\"wp-block-separator has-css-opacity\"\/>\n\n\n\n<hr class=\"wp-block-separator has-css-opacity\"\/>\n\n\n\n<h2 class=\"wp-block-heading\"><strong>Vorstand\/Vorsitz<\/strong><\/h2>\n\n\n\n<p>Der Vorsitzende des Referendarrates vertritt den Referendarrat nach au\u00dfen und ist erster Ansprechpartner &#8211; sowohl f\u00fcr die Referendar:innen als auch f\u00fcr Ausbilder:innen, Pr\u00fcfungsamt etc.. Au\u00dferdem koordiniert er die Arbeit der Ratsmitglieder. Alle Anfragen per Post oder \u00fcber unsere Mail-Adresse laufen hier zusammen und werden dann auf die einzelnen Referate verteilt. <strong>Noch schneller k\u00f6nnen wir auf Deine Anfragen reagieren, wenn Du das jeweils zust\u00e4ndige Referat direkt anschreibst.<\/strong> Unterst\u00fctzt wird der Vorsitzende bei seiner Arbeit von seinen Stellvertretern:innen. Sie bilden gemeinsam den Vorstand des Referendarrates.<\/p>\n\n\n\n<p>Vorstandsmitglieder des Referendarrates 2024\/2025 sind Moira Boennen (Vorsitzende), Jannis Dany und Jannik Lochmann. <\/p>\n\n\n\n<p><\/p>\n\n\n\n<h2 class=\"wp-block-heading\"><strong>Kontakt<\/strong><\/h2>\n\n\n\n<p>Referendarrat bei dem Pr\u00e4sidenten des Schleswig-Holsteinischen Oberlandesgerichts<br>c\/o Landgericht Kiel<br>Harmsstra\u00dfe 99-101<br>Gerichtsfach 9<br>24114 Kiel<br><a href=\"mailto:info@referendarrat-sh.de\">info@referendarrat-sh.de<\/a><\/p>\n\n\n\n<p>Noch <strong>schneller <\/strong>erreichst Du uns, wenn Du Deine Fragen direkt an die <strong>zust\u00e4ndigen Mitglieder des Referendarrates<\/strong> richtest. Wer sich um welche Themen k\u00fcmmert, erf\u00e4hrst Du auf dieser Seite.<\/p>\n","protected":false},"excerpt":{"rendered":"<p>Als Referendarrat Schleswig-Holstein sind wir der Personalrat der Rechtsreferendar:innen, den das Schleswig-Holsteinische Mitbestimmungsgesetz gem. \u00a7 69 vorsieht. Wir f\u00fchren f\u00fcr euch Gespr\u00e4che mit den Ministerien, verfassen Stellungnahmen an den Landtag, organisieren Veranstaltungen f\u00fcr Referendar:innen, stehen in den jeweiligen LG-Bezirken bei &hellip; <a href=\"http:\/\/referendarrat-sh.de\/?page_id=7794\">Weiterlesen <span class=\"meta-nav\">&rarr;<\/span><\/a><\/p>\n","protected":false},"author":1,"featured_media":0,"parent":7798,"menu_order":0,"comment_status":"closed","ping_status":"closed","template":"","meta":{"footnotes":""},"class_list":["post-7794","page","type-page","status-publish","hentry"],"_links":{"self":[{"href":"http:\/\/referendarrat-sh.de\/index.php?rest_route=\/wp\/v2\/pages\/7794","targetHints":{"allow":["GET"]}}],"collection":[{"href":"http:\/\/referendarrat-sh.de\/index.php?rest_route=\/wp\/v2\/pages"}],"about":[{"href":"http:\/\/referendarrat-sh.de\/index.php?rest_route=\/wp\/v2\/types\/page"}],"author":[{"embeddable":true,"href":"http:\/\/referendarrat-sh.de\/index.php?rest_route=\/wp\/v2\/users\/1"}],"replies":[{"embeddable":true,"href":"http:\/\/referendarrat-sh.de\/index.php?rest_route=%2Fwp%2Fv2%2Fcomments&post=7794"}],"version-history":[{"count":9,"href":"http:\/\/referendarrat-sh.de\/index.php?rest_route=\/wp\/v2\/pages\/7794\/revisions"}],"predecessor-version":[{"id":10981,"href":"http:\/\/referendarrat-sh.de\/index.php?rest_route=\/wp\/v2\/pages\/7794\/revisions\/10981"}],"up":[{"embeddable":true,"href":"http:\/\/referendarrat-sh.de\/index.php?rest_route=\/wp\/v2\/pages\/7798"}],"wp:attachment":[{"href":"http:\/\/referendarrat-sh.de\/index.php?rest_route=%2Fwp%2Fv2%2Fmedia&parent=7794"}],"curies":[{"name":"wp","href":"https:\/\/api.w.org\/{rel}","templated":true}]}}