{"id":6299,"date":"2020-03-17T09:07:10","date_gmt":"2020-03-17T07:07:10","guid":{"rendered":"http:\/\/referendarrat-sh.de\/?page_id=6299"},"modified":"2024-06-20T09:49:04","modified_gmt":"2024-06-20T07:49:04","slug":"klausurenkurse","status":"publish","type":"page","link":"http:\/\/referendarrat-sh.de\/?page_id=6299","title":{"rendered":"Klausurenkurse"},"content":{"rendered":"<p>Die freiwilligen Klausurenkurse stehen grunds\u00e4tzlich allen Referendar:innen im Bereich des Schleswig-Holsteinischen Oberlandesgerichts offen, es bedarf also keiner besonderen Genehmigung zur Teilnahme an Klausuren in einem fremden Landgerichtsbezirk. Es ist allerdings erw\u00fcnscht, nur die Klausurenkurse des eigenen LG Bezirks wahrzunehmen.<\/p>\n<p>Die Termine f\u00fcr die schriftlichen Probeexamina werden gesondert ver\u00f6ffentlicht.<\/p>\n<hr \/>\n<p style=\"padding-left: 40px;\"><b>Klausurenkurs L\u00fcbeck<\/b><\/p>\n<p>Ab dem 22.09.2022 findet der Klausurenkurs in L\u00fcbeck <b>hybrid<\/b> statt. Alle Infos dazu gibt es hier:<\/p>\n<p><a href=\"http:\/\/referendarrat-sh.de\/wp-content\/uploads\/2022\/09\/Rahmenbedingungen-Klausurenkurse-ab-22-9-224582.pdf\"><b>Rahmenbedingungen Klausurenkurse ab 22.09.22<\/b><b><\/b><\/a><\/p>\n<p>F\u00fcr die Referendar:innen, die pr\u00e4sent teilnehmen wollen, gelten folgende Regeln:<\/p>\n<p>F\u00fcr den Klausurenkurs stehen alle freien R\u00e4ume im Schulungszentrum zur Verf\u00fcgung. Kommentare und Schreibpapier muss man selbst mitbringen.<\/p>\n<p>Die Ausgabe der Aufgabentexte erfolgt in Papierform im Schulungszentrum vor Raum 4 in einem daf\u00fcr vorgesehenen Karton. Daneben wird die Klausur auf dem <a href=\"https:\/\/www.schleswig-holstein.de\/DE\/justiz\/gerichte-und-justizbehoerden\/LandgerichteSH\/LGLuebeck\/AusbildungUndBeruf\/Referendare\/_documents\/referendare.html\">Schwarzen Brett<\/a> des LG L\u00fcbeck zum Download angeboten. Die L\u00f6sung hinterlegt man nach dem Schreiben im gleichen Karton im Schulungszentrum.<\/p>\n<p>Bei der Besprechung der Klausuren besteht Anwesenheitspflicht. Erscheint man ohne ausreichende Entschuldigung nicht, erh\u00e4lt man seine Klausur nicht zur\u00fcck.<\/p>\n<p>Unter Umst\u00e4nden kann eine Ausnahmegenehmigung von der Pr\u00e4senzpflicht beim Schreiben und bei der Klausurbesprechung erteilt werden, etwa wenn eine Station im Ausland absolviert wird. Alle weiteren Infos dazu findet ihr <a href=\"https:\/\/www.schleswig-holstein.de\/DE\/justiz\/gerichte-und-justizbehoerden\/LandgerichteSH\/LGLuebeck\/AusbildungUndBeruf\/Referendare\/_documents\/referendare.html\">hier<\/a>.<\/p>\n<p>Die Termine f\u00fcr das Jahr 2023 findet ihr <a href=\"https:\/\/www.schleswig-holstein.de\/DE\/justiz\/gerichte-und-justizbehoerden\/LandgerichteSH\/LGLuebeck\/AusbildungUndBeruf\/Referendare\/Termine\/GrosserKlausurenkurs\/grossKlausurenkurs.html?nn=5d3c4564-2fa6-4eef-9f25-321bb995d762\">hier<\/a>.<\/p>\n<p>In L\u00fcbeck wird zus\u00e4tzlich noch der sog. <b>kleine Klausurenkurs<\/b> angeboten (nur f\u00fcr L\u00fcbecker:innen, nur StA-und Zivilurteilsklausur f\u00fcr das erste Ausbildungsjahr). Die Termine f\u00fcr 2023 findet ihr <a href=\"https:\/\/www.schleswig-holstein.de\/DE\/justiz\/gerichte-und-justizbehoerden\/LandgerichteSH\/LGLuebeck\/AusbildungUndBeruf\/Referendare\/Termine\/KleinerKlausurenkurs\/kleinKlausurenkurs.html?nn=5d3c4564-2fa6-4eef-9f25-321bb995d762\">hier<\/a>.<\/p>\n<p>F\u00fcr weitere R\u00fcckfragen stehen wir euch nat\u00fcrlich wie immer zur Verf\u00fcgung! Ansprechpartnerin f\u00fcr den Klausurenkurs am Landgericht L\u00fcbeck ist Frau Wei\u00df (nicole.weiss@lg-luebeck.landsh.de).<\/p>\n<hr \/>\n<p style=\"padding-left: 40px;\"><b>Klausurenkurs Itzehoe<\/b><\/p>\n<p>Der Klausursachverhalt wird jeweils am Montag um 8:30 Uhr auf der Homepage des Landgerichts zum Download zur Verf\u00fcgung gestellt.<\/p>\n<p>(Das Passwort sowie die zur Klausureinreichung notwendigen Postandressen bzw. Email-Adressen bei e-Klausuren bekommen ReferendarInnen aus Itzehoe per Email vom LG zugesandt, alle anderen ReferendarInnen m\u00fcssen eine Email an die Referendarabteilung in Itzehoe schreiben und dort die Informationen erfragen).<\/p>\n<p>Die Klausuren k\u00f6nnen sowohl handschriftlich als auch als E-Klausur angefertigt werden. Die Referendarinnen und Referendare k\u00f6nnen die Klausur <b>handschriftlich Zuhause<\/b> schreiben. Die Zeitvorgabe von maximal 5 Stunden ist zu beachten! Au\u00dferdem sind nur die im Examen zugelassenen Hilfsmittel zu verwenden. Wenn offensichtlich ist, dass das nicht der Fall war (z.B. bei der Einreichung einer sehr umfangreichen Bearbeitung), m\u00fcssen Sie damit rechnen, dass die Klausur nicht korrigiert wird. Au\u00dferdem k\u00f6nnte dann in Zukunft das Angebot, die Klausur zu Hause schreiben zu d\u00fcrfen, entfallen. Die Klausur muss mit einem leserlich und vollst\u00e4ndig adressierten und frankierten R\u00fcckumschlag f\u00fcr die Korrektur versehen versandt werden an die Referendarabteilung im Landgericht Itzehoe, z.Hd. Frau Sch\u00f6nfeld bzw. an die jeweiligen Klausursteller*innen. Die per Post eingereichten Klausuren m\u00fcssen einen<b> Poststempel von Montag oder dem folgenden Dienstag<\/b> haben. Anderenfalls wird sie nicht mehr korrigiert!<\/p>\n<p>Daneben kann die Klausur auch<b> im Landgericht in Raum 007a, wo sie ausgelegt wird, geschrieben werden<\/b>. Es wird um Mitteilung an das Referendarpostfach gebeten, wenn die Klausur vor Ort geschrieben werden soll, damit eine ausreichende Zahl an Klausursachverhalten ausgelegt werden kann. Die fertige Klausur ist <b>sp\u00e4testens um 13.45<\/b> Uhr am Servicepoint des Landgerichts Itzehoe abzugeben. Wenn ein frankierter R\u00fcckumschlag nicht beigelegt wird, wird die korrigierte Klausur im Raum 007a zur Abholung ausgelegt.<\/p>\n<p>Alle, die ernsthaft damit rechnen k\u00f6nnen, dass sie ihre Examensklausuren auch als <b>eKlausur<\/b> schreiben k\u00f6nnen und davon auch Gebrauch machen m\u00f6chten, d\u00fcrfen ihre Klausur im Klausurenkurs auch digital einreichen, und zwar als schreibgesch\u00fctzte <b>Word-Datei<\/b> (docx). Eine Vorlage wird bereitgestellt. F\u00fcr alle anderen gilt dies nicht!<\/p>\n<p><b>F\u00fcr die digitale Klausur gilt, dass diese am Tag der Klausurausgabe bis sp\u00e4testens 14.00 Uhr eingegangen sein muss!<\/b> Die f\u00fcr die Papierklausur einger\u00e4umte Postlaufzeit entf\u00e4llt. Die eKlausuren sind als Word-Datei an die jeweilige E-Mail-Adressen der Klausursteller zu \u00fcbersenden.<\/p>\n<p>Die Klausurbesprechung erfolgt sodann regelm\u00e4\u00dfig 3 Wochen sp\u00e4ter um 15.00 Uhr. Der einheitliche Zugangslink lautet: <a href=\"https:\/\/video.sh.openws.de\/LG-Itzehoe2.Halbjahr2023#Klausurbesprechung\">https:\/\/video.sh.openws.de\/LG-Itzehoe2.Halbjahr2023#Klausurbesprechung<\/a><\/p>\n<p>Es wird darum gebeten, diesen Zugangslink nicht weiterzugeben und nur an den Besprechungen teilzunehmen, soweit die Klausur mitgeschrieben worden ist.<br \/>\nEinladungen f\u00fcr die Besprechungen erhalten die Teilnehmer nur dann gesondert per e-mail, wenn der Klausursteller\/die Klausurstellerin einen anderen Zugang bzw. eine andere Plattform verwendet. Die Klausur C1 wird im Regelfall im Landgericht in Pr\u00e4senz besprochen. Im Einzelfall kann es zu Verschiebungen der Besprechungstermine kommen.<\/p>\n<p>Der Klausur ist unbedingt weiterhin das leserlich ausgef\u00fcllte Deckblatt beizuf\u00fcgen.<\/p>\n<p>Die Termine f\u00fcr 2024 gibt es <a href=\"http:\/\/referendarrat-sh.de\/wp-content\/uploads\/2024\/01\/Klausurenplan-2023-202481.pdf\">hier<\/a>.<\/p>\n<hr \/>\n<p style=\"padding-left: 40px;\"><b>Klausurenkurs Kiel<\/b><\/p>\n<p><b>Ab Juli 2023<\/b> k\u00f6nnen die Klausuren (<b>immer freitags<\/b>) sowohl digital (erstmal befristet bis Ende 2023) als auch handschriftlich im LG Kiel angefertigt werden.<\/p>\n<p><b>Ausgabe ist am Freitag um 08.30 Uhr <\/b>und<b> Abgabefrist ist am selben Tag 13.45 Uhr online unter Referendare@lg-kiel.landsh.de\/am Servicepoint des Landgerichts Kiel, Harmsstra\u00dfe 99-101.<\/b> Eine \u00dcbersicht der wichtigsten Infos nochmal <a href=\"http:\/\/referendarrat-sh.de\/wp-content\/uploads\/2023\/07\/Klausurenkurs-Homepage73.pdf\"><b>hier<\/b><\/a>.<span class=\"Apple-converted-space\">\u00a0<\/span><\/p>\n<p>F\u00fcr das <b>Schreiben vor Ort <\/b>steht die R\u00e4ume 1 und 2 im Schulungsmodul zur Verf\u00fcgung. Bei besonders hohem Pr\u00e4senzaufkommen k\u00f6nnen erg\u00e4nzend der Raum 166 sowie \u00e4u\u00dferst hilfsweise auch die B\u00fccherei (gro\u00dfer Lesesaal) benutzt werden. Kommentare und Schreibpapier sind selbst mitzubringen. Bitte tragt euch als Pr\u00e4senzteilnehmer in die dort ausliegende Liste ein. Die Klausurtexte k\u00f6nnen auch <a href=\"https:\/\/www.schleswig-holstein.de\/DE\/justiz\/gerichte-und-justizbehoerden\/LandgerichteSH\/LGKiel\/AusbildungUndBeruf\/Referendare\/Referendare_node.html\">hier<\/a> heruntergeladen werden.<\/p>\n<p>F\u00fcr das <b>digitale Schreiben<\/b> ist die bereitgestellte Formatvorlage zu verwenden. Es stehen keine Laptops zur Verf\u00fcgung und keine Ladem\u00f6glichkeiten, ihr m\u00fcsst also bitte geladene Laptops (und ggf. Ladestation) selbst mitbringen. Es gibt vor Ort auch kein WLAN, bitte nutzt eure eigenen mobilen Daten zum Upload der angefertigten Klausur. Hier findet ihr weitere <a href=\"http:\/\/referendarrat-sh.de\/wp-content\/uploads\/2023\/07\/Anschreiben-E-Klausur-Referendare-06-235.pdf\">Informationen<\/a> und eine <a href=\"http:\/\/referendarrat-sh.de\/wp-content\/uploads\/2023\/07\/Anleitung-E-Klausur61.pdf\">Anleitung<\/a>.<\/p>\n<p>Dar\u00fcber hinaus gibt es die M\u00f6glichkeit, die zu Hause unter Examensbedingungen bearbeitete Klausur <b>per Post<\/b> oder \u00fcber den Briefkasten des Landgerichts Kiel (Harmsstra\u00dfe 99-101) einzureichen. Bitte beachtet daf\u00fcr die Bedingungen des LG Kiel, die ihr <a href=\"https:\/\/www.schleswig-holstein.de\/DE\/justiz\/gerichte-und-justizbehoerden\/LandgerichteSH\/LGKiel\/AusbildungUndBeruf\/Referendare\/Referendare_node.html\">hier<\/a> findet.<\/p>\n<p>Weitere Informationen bei einer Station im Ausland findet ihr <a href=\"https:\/\/www.schleswig-holstein.de\/DE\/justiz\/gerichte-und-justizbehoerden\/LandgerichteSH\/LGKiel\/AusbildungUndBeruf\/Referendare\/Referendare_node.html\">hier<\/a>.<\/p>\n<p>Die Termine f\u00fcr das zweite Halbjahr 2024 findet ihr <a href=\"http:\/\/referendarrat-sh.de\/wp-content\/uploads\/2024\/06\/Freiwilliger-Klausurenkurs-2024-2.-Halbjahr-2024.docx\">hier<\/a>.<\/p>\n<hr \/>\n<p style=\"padding-left: 40px;\"><strong><span class=\"Apple-converted-space\">\u00a0<\/span>Klausurenkurs Flensburg<\/strong><\/p>\n<p>Die Klausuren in Flensburg k\u00f6nnen <b>freitags im Zeitraum 8.30 Uhr bis 13.30 Uhr in den Unterrichtsr\u00e4umen des Landgerichts<\/b> (CI U01 und U02) geschrieben werden.<\/p>\n<p>Neben der Teilnahme vor Ort, bleibt in Flensburg pandemieunabh\u00e4ngig die M\u00f6glichkeit bestehen, die Klausurbearbeitung <b>elektronisch<\/b> an das Funktionspostfach dk-fp-lgfl-online-klausurenkurs@lg-flensburg.landsh.de zu senden.<\/p>\n<p><a href=\"http:\/\/referendarrat-sh.de\/wp-content\/uploads\/2020\/07\/Flensburg-Klausurenkurs.pdf\">Aktuelle Verf\u00fcgung zum Klausurenkurs Flensburg<\/a><\/p>\n<p>Die Ausgabe der Klausuren erfolgt am Tresen der B\u00fccherei bzw. der Sachverhalt ist weiterhin auf der <a href=\"https:\/\/www.schleswig-holstein.de\/DE\/justiz\/gerichte-und-justizbehoerden\/LandgerichteSH\/LGFlensburg\/AusbildungUndBeruf\/Referendare\/Referendare_node.html\">Homepage des Landgerichts Flensburg<\/a> ab 8.00 Uhr abrufbar. Dort findet ihr auch alle weiteren Infos zum Klausurenkurs.<\/p>\n<p>Die Termine f\u00fcr 2023 findet ihr <a href=\"https:\/\/www.schleswig-holstein.de\/DE\/justiz\/gerichte-und-justizbehoerden\/LandgerichteSH\/LGFlensburg\/AusbildungUndBeruf\/Referendare\/_documents\/Referendare_Online-Klausur.html?nn=374e1515-4a76-4222-bffb-959a9f24ab4b\">hier<\/a>.<\/p>\n","protected":false},"excerpt":{"rendered":"<p>Die freiwilligen Klausurenkurse stehen grunds\u00e4tzlich allen Referendar:innen im Bereich des Schleswig-Holsteinischen Oberlandesgerichts offen, es bedarf also keiner besonderen Genehmigung zur Teilnahme an Klausuren in einem fremden Landgerichtsbezirk. Es ist allerdings erw\u00fcnscht, nur die Klausurenkurse des eigenen LG Bezirks wahrzunehmen. Die &hellip; <a href=\"http:\/\/referendarrat-sh.de\/?page_id=6299\">Weiterlesen <span class=\"meta-nav\">&rarr;<\/span><\/a><\/p>\n","protected":false},"author":1,"featured_media":0,"parent":7260,"menu_order":0,"comment_status":"closed","ping_status":"closed","template":"","meta":{"footnotes":""},"class_list":["post-6299","page","type-page","status-publish","hentry"],"_links":{"self":[{"href":"http:\/\/referendarrat-sh.de\/index.php?rest_route=\/wp\/v2\/pages\/6299","targetHints":{"allow":["GET"]}}],"collection":[{"href":"http:\/\/referendarrat-sh.de\/index.php?rest_route=\/wp\/v2\/pages"}],"about":[{"href":"http:\/\/referendarrat-sh.de\/index.php?rest_route=\/wp\/v2\/types\/page"}],"author":[{"embeddable":true,"href":"http:\/\/referendarrat-sh.de\/index.php?rest_route=\/wp\/v2\/users\/1"}],"replies":[{"embeddable":true,"href":"http:\/\/referendarrat-sh.de\/index.php?rest_route=%2Fwp%2Fv2%2Fcomments&post=6299"}],"version-history":[{"count":97,"href":"http:\/\/referendarrat-sh.de\/index.php?rest_route=\/wp\/v2\/pages\/6299\/revisions"}],"predecessor-version":[{"id":10680,"href":"http:\/\/referendarrat-sh.de\/index.php?rest_route=\/wp\/v2\/pages\/6299\/revisions\/10680"}],"up":[{"embeddable":true,"href":"http:\/\/referendarrat-sh.de\/index.php?rest_route=\/wp\/v2\/pages\/7260"}],"wp:attachment":[{"href":"http:\/\/referendarrat-sh.de\/index.php?rest_route=%2Fwp%2Fv2%2Fmedia&parent=6299"}],"curies":[{"name":"wp","href":"https:\/\/api.w.org\/{rel}","templated":true}]}}