{"id":5276,"date":"2018-06-01T22:18:34","date_gmt":"2018-06-01T20:18:34","guid":{"rendered":"http:\/\/referendarrat-sh.de\/?page_id=5276"},"modified":"2025-08-17T14:03:37","modified_gmt":"2025-08-17T12:03:37","slug":"wahlvorstand","status":"publish","type":"page","link":"http:\/\/referendarrat-sh.de\/?page_id=5276","title":{"rendered":"Wahlvorstand"},"content":{"rendered":"<p>Den Wahlvorstand des Referendarrats 2025\/26 bilden <b>Julia Sonnenschein, Maurice Rieffenstahl und Chris Adam.<\/b><\/p>\n<p>Ihr k\u00f6nnt den Wahlvorstand erreichen unter:<\/p>\n<p><a href=\"mailto:wahlvorstand@referendarrat-sh.de\">wahlvorstand@referendarrat-sh.de<\/a><\/p>\n<p>auch, dass man das Referat nicht allein betreut und die Aufgaben als Team angehen kann.<\/p>\n\n\n<figure class=\"wp-block-gallery has-nested-images columns-default is-cropped wp-block-gallery-1 is-layout-flex wp-block-gallery-is-layout-flex\">\n<figure class=\"wp-block-image size-large\"><a href=\"https:\/\/referendarrat-sh.de\/wp-content\/uploads\/2025\/08\/Julia-scaled.jpg\"><img loading=\"lazy\" decoding=\"async\" width=\"768\" height=\"1024\" data-id=\"11316\" src=\"https:\/\/referendarrat-sh.de\/wp-content\/uploads\/2025\/08\/Julia-768x1024.jpg\" alt=\"\" class=\"wp-image-11316\" srcset=\"http:\/\/referendarrat-sh.de\/wp-content\/uploads\/2025\/08\/Julia-768x1024.jpg 768w, http:\/\/referendarrat-sh.de\/wp-content\/uploads\/2025\/08\/Julia-225x300.jpg 225w, http:\/\/referendarrat-sh.de\/wp-content\/uploads\/2025\/08\/Julia-1152x1536.jpg 1152w, http:\/\/referendarrat-sh.de\/wp-content\/uploads\/2025\/08\/Julia-1536x2048.jpg 1536w, http:\/\/referendarrat-sh.de\/wp-content\/uploads\/2025\/08\/Julia-scaled.jpg 1920w\" sizes=\"auto, (max-width: 768px) 100vw, 768px\" \/><\/a><\/figure>\n\n\n\n<figure class=\"wp-block-image size-large\"><a href=\"https:\/\/referendarrat-sh.de\/wp-content\/uploads\/2025\/08\/Chris.jpg\"><img loading=\"lazy\" decoding=\"async\" width=\"942\" height=\"798\" data-id=\"11312\" src=\"https:\/\/referendarrat-sh.de\/wp-content\/uploads\/2025\/08\/Chris.jpg\" alt=\"\" class=\"wp-image-11312\" srcset=\"http:\/\/referendarrat-sh.de\/wp-content\/uploads\/2025\/08\/Chris.jpg 942w, http:\/\/referendarrat-sh.de\/wp-content\/uploads\/2025\/08\/Chris-300x254.jpg 300w, http:\/\/referendarrat-sh.de\/wp-content\/uploads\/2025\/08\/Chris-768x651.jpg 768w, http:\/\/referendarrat-sh.de\/wp-content\/uploads\/2025\/08\/Chris-354x300.jpg 354w\" sizes=\"auto, (max-width: 942px) 100vw, 942px\" \/><\/a><\/figure>\n\n\n\n<figure class=\"wp-block-image size-large\"><a href=\"https:\/\/referendarrat-sh.de\/wp-content\/uploads\/2025\/08\/Maurice.jpg\"><img loading=\"lazy\" decoding=\"async\" width=\"706\" height=\"1024\" data-id=\"11311\" src=\"https:\/\/referendarrat-sh.de\/wp-content\/uploads\/2025\/08\/Maurice-706x1024.jpg\" alt=\"\" class=\"wp-image-11311\" srcset=\"http:\/\/referendarrat-sh.de\/wp-content\/uploads\/2025\/08\/Maurice-706x1024.jpg 706w, http:\/\/referendarrat-sh.de\/wp-content\/uploads\/2025\/08\/Maurice-207x300.jpg 207w, http:\/\/referendarrat-sh.de\/wp-content\/uploads\/2025\/08\/Maurice-768x1114.jpg 768w, http:\/\/referendarrat-sh.de\/wp-content\/uploads\/2025\/08\/Maurice-1059x1536.jpg 1059w, http:\/\/referendarrat-sh.de\/wp-content\/uploads\/2025\/08\/Maurice.jpg 1412w\" sizes=\"auto, (max-width: 706px) 100vw, 706px\" \/><\/a><\/figure>\n<\/figure>\n\n\n\n<p><strong>Das Referat \u201eWahlvorstand\u201c<\/strong><\/p>\n\n\n\n<p>Der Wahlvorstand besteht aus drei Personalr\u00e4ten \u2013 einem Vorsitzenden und zwei Stellvertreter:innen.<\/p>\n\n\n\n<p>Er ist zust\u00e4ndig f\u00fcr die Planung und Organisation der Personalratswahl. Diese T\u00e4tigkeit ist \u2013 vielleicht erst auf den zweiten Blick \u2013 sehr interessant, denn Wahlen verlaufen deutschlandweit nach einem \u00e4hnlichen Prozedere, in welches man als Wahlvorstandsmitglied umfassende Einblicke erhalten kann.<\/p>\n\n\n\n<p>Es muss gepr\u00fcft werden welche Referendar:innen w\u00e4hlen d\u00fcrfen und welche gew\u00e4hlt werden k\u00f6nnen. Daraufhin erfolgt die Erstellung eines W\u00e4hlerverzeichnisses, denn die W\u00e4hler:innen m\u00fcssen rechtzeitig \u00fcber die Fristen und Termine der Personalratswahl informiert werden. Es erfolgt die Stimmzettel-Erstellung, auf dem diejenigen Referendar:innen aufgef\u00fchrt sind, die zur Wahl aufgestellt sind. Nach der Wahl sind die Stimmzettel auszuz\u00e4hlen und die Ergebnisse bekannt zu geben.<\/p>\n\n\n\n<p>In den ersten acht Monaten des Referendarratsjahres kreiert das Referat keinerlei zeitlichen Aufwand. Erst in den letzten vier Monaten geht das Referat in die \u201ehei\u00dfe Phase\u201c. Der Vorstand beginnt seine T\u00e4tigkeit im Februar und setzt diese bis in den Juni hinein fort. Besonders ist<\/p>\n","protected":false},"excerpt":{"rendered":"<p>Den Wahlvorstand des Referendarrats 2025\/26 bilden Julia Sonnenschein, Maurice Rieffenstahl und Chris Adam. Ihr k\u00f6nnt den Wahlvorstand erreichen unter: wahlvorstand@referendarrat-sh.de auch, dass man das Referat nicht allein betreut und die Aufgaben als Team angehen kann. Das Referat \u201eWahlvorstand\u201c Der Wahlvorstand &hellip; <a href=\"http:\/\/referendarrat-sh.de\/?page_id=5276\">Weiterlesen <span class=\"meta-nav\">&rarr;<\/span><\/a><\/p>\n","protected":false},"author":1,"featured_media":0,"parent":4496,"menu_order":5,"comment_status":"closed","ping_status":"closed","template":"","meta":{"footnotes":""},"class_list":["post-5276","page","type-page","status-publish","hentry"],"_links":{"self":[{"href":"http:\/\/referendarrat-sh.de\/index.php?rest_route=\/wp\/v2\/pages\/5276","targetHints":{"allow":["GET"]}}],"collection":[{"href":"http:\/\/referendarrat-sh.de\/index.php?rest_route=\/wp\/v2\/pages"}],"about":[{"href":"http:\/\/referendarrat-sh.de\/index.php?rest_route=\/wp\/v2\/types\/page"}],"author":[{"embeddable":true,"href":"http:\/\/referendarrat-sh.de\/index.php?rest_route=\/wp\/v2\/users\/1"}],"replies":[{"embeddable":true,"href":"http:\/\/referendarrat-sh.de\/index.php?rest_route=%2Fwp%2Fv2%2Fcomments&post=5276"}],"version-history":[{"count":35,"href":"http:\/\/referendarrat-sh.de\/index.php?rest_route=\/wp\/v2\/pages\/5276\/revisions"}],"predecessor-version":[{"id":11335,"href":"http:\/\/referendarrat-sh.de\/index.php?rest_route=\/wp\/v2\/pages\/5276\/revisions\/11335"}],"up":[{"embeddable":true,"href":"http:\/\/referendarrat-sh.de\/index.php?rest_route=\/wp\/v2\/pages\/4496"}],"wp:attachment":[{"href":"http:\/\/referendarrat-sh.de\/index.php?rest_route=%2Fwp%2Fv2%2Fmedia&parent=5276"}],"curies":[{"name":"wp","href":"https:\/\/api.w.org\/{rel}","templated":true}]}}