{"id":4479,"date":"2020-03-23T10:10:13","date_gmt":"2020-03-23T08:10:13","guid":{"rendered":"http:\/\/referendarrat-sh.de\/?page_id=31"},"modified":"2025-08-17T14:08:07","modified_gmt":"2025-08-17T12:08:07","slug":"landgerichtsbezirk-luebeck","status":"publish","type":"page","link":"http:\/\/referendarrat-sh.de\/?page_id=4479","title":{"rendered":"Landgerichtsbezirk L\u00fcbeck"},"content":{"rendered":"\n<figure class=\"wp-block-image size-large\"><img loading=\"lazy\" decoding=\"async\" width=\"1024\" height=\"400\" src=\"http:\/\/referendarrat-sh.de\/wp-content\/uploads\/2012\/12\/lg_luebeck-1024x400.jpg\" alt=\"\" class=\"wp-image-6092\" srcset=\"http:\/\/referendarrat-sh.de\/wp-content\/uploads\/2012\/12\/lg_luebeck-1024x400.jpg 1024w, http:\/\/referendarrat-sh.de\/wp-content\/uploads\/2012\/12\/lg_luebeck-300x117.jpg 300w, http:\/\/referendarrat-sh.de\/wp-content\/uploads\/2012\/12\/lg_luebeck-768x300.jpg 768w, http:\/\/referendarrat-sh.de\/wp-content\/uploads\/2012\/12\/lg_luebeck-500x195.jpg 500w, http:\/\/referendarrat-sh.de\/wp-content\/uploads\/2012\/12\/lg_luebeck.jpg 1280w\" sizes=\"auto, (max-width: 1024px) 100vw, 1024px\" \/><\/figure>\n\n\n\n<div class=\"wp-block-group\"><div class=\"wp-block-group__inner-container is-layout-flow wp-block-group-is-layout-flow\">\n<p class=\"has-text-align-center\">Dieses Referat wird aktuell betreut von<strong> Anne von Houwald<\/strong> und <strong>Julia Sonnenschein.<\/strong><\/p>\n\n\n\n<div class=\"wp-block-group\"><div class=\"wp-block-group__inner-container is-layout-flow wp-block-group-is-layout-flow\"><\/div><\/div>\n<\/div><\/div>\n\n\n\n<figure class=\"wp-block-gallery has-nested-images columns-default is-cropped wp-block-gallery-1 is-layout-flex wp-block-gallery-is-layout-flex\">\n<figure class=\"wp-block-image size-large\"><a href=\"https:\/\/referendarrat-sh.de\/wp-content\/uploads\/2025\/08\/Anne.jpg\"><img loading=\"lazy\" decoding=\"async\" width=\"768\" height=\"1024\" data-id=\"11331\" src=\"https:\/\/referendarrat-sh.de\/wp-content\/uploads\/2025\/08\/Anne-768x1024.jpg\" alt=\"\" class=\"wp-image-11331\" srcset=\"http:\/\/referendarrat-sh.de\/wp-content\/uploads\/2025\/08\/Anne-768x1024.jpg 768w, http:\/\/referendarrat-sh.de\/wp-content\/uploads\/2025\/08\/Anne-225x300.jpg 225w, http:\/\/referendarrat-sh.de\/wp-content\/uploads\/2025\/08\/Anne.jpg 889w\" sizes=\"auto, (max-width: 768px) 100vw, 768px\" \/><\/a><\/figure>\n\n\n\n<figure class=\"wp-block-image size-large\"><a href=\"https:\/\/referendarrat-sh.de\/wp-content\/uploads\/2025\/08\/Julia-scaled.jpg\"><img loading=\"lazy\" decoding=\"async\" width=\"768\" height=\"1024\" data-id=\"11316\" src=\"https:\/\/referendarrat-sh.de\/wp-content\/uploads\/2025\/08\/Julia-768x1024.jpg\" alt=\"\" class=\"wp-image-11316\" srcset=\"http:\/\/referendarrat-sh.de\/wp-content\/uploads\/2025\/08\/Julia-768x1024.jpg 768w, http:\/\/referendarrat-sh.de\/wp-content\/uploads\/2025\/08\/Julia-225x300.jpg 225w, http:\/\/referendarrat-sh.de\/wp-content\/uploads\/2025\/08\/Julia-1152x1536.jpg 1152w, http:\/\/referendarrat-sh.de\/wp-content\/uploads\/2025\/08\/Julia-1536x2048.jpg 1536w, http:\/\/referendarrat-sh.de\/wp-content\/uploads\/2025\/08\/Julia-scaled.jpg 1920w\" sizes=\"auto, (max-width: 768px) 100vw, 768px\" \/><\/a><\/figure>\n<\/figure>\n\n\n\n<p class=\"has-text-align-center\">Anne und Julia erreicht ihr \u00fcber: <a href=\"mailto:Luebeck@referendarrat-sh.de\">Luebeck@referendarrat-sh.de<\/a><\/p>\n\n\n\n<p class=\"has-text-align-center\">Anschrift des Landgerichts:<br>Am Burgfeld 7<br>23568 L\u00fcbeck<br>Tel: 0451\/371-0<br><a href=\"https:\/\/www.schleswig-holstein.de\/DE\/justiz\/gerichte-und-justizbehoerden\/LandgerichteSH\/LGLuebeck\/LGLuebeck_node.html\">Landgericht L\u00fcbeck<\/a><\/p>\n\n\n\n<p><strong>Referentinnen f\u00fcr die Ausbildung<\/strong>:<\/p>\n\n\n\n<p>Bei Fragen rund um die Ausbildung meldet euch bitte zuerst bei:<\/p>\n\n\n\n<ul class=\"wp-block-list\">\n<li>Frau Wei\u00df (Tel: 0451\/371-1732; E-Mail: nicole.weiss@lg-luebeck.landsh.de)<\/li>\n<\/ul>\n\n\n\n<p>F\u00fcr Angelegenheiten spezifisch f\u00fcr Referendarangelegenheiten bei der Staatsanwaltschaft ist zust\u00e4ndige Referentin:<\/p>\n\n\n\n<ul class=\"wp-block-list\">\n<li>Frau StA\u2019in Hansen (Tel: 0451\/371-1153; E-Mail: renate.Hansen@StAHL.LandSH.de)<\/li>\n<\/ul>\n\n\n\n<div class=\"wp-block-group\"><div class=\"wp-block-group__inner-container is-layout-flow wp-block-group-is-layout-flow\">\n<p><strong>Krankmeldungen<\/strong><\/p>\n\n\n\n<p>Krankmeldungen haben bis morgens um 08.00 Uhr telefonisch zu erfolgen. Es ist auch jeweils an die Gesundmeldung zu denken!<\/p>\n\n\n\n<p>In der Strafrechtsstation bei:&nbsp;<\/p>\n\n\n\n<ul class=\"wp-block-list\">\n<li>Frau Baier: 0451\/371-1279 oder Frau Edlef: 0451\/371-1272 (unter diesen Rufnummern l\u00e4uft auch ein Anrufbeantworter, der besprochen werden kann)<\/li>\n\n\n\n<li>Soweit die Ausbildung beim Strafrichter erfolgt: Frau Wei\u00df (0451\/371-1732) und bei dem jeweils zust\u00e4ndigen Amtsgericht<\/li>\n<\/ul>\n<\/div><\/div>\n\n\n\n<p>In der Zivilstation bei:<\/p>\n\n\n\n<ul class=\"wp-block-list\">\n<li>Frau Wei\u00df (0451\/371-1732)<\/li>\n<\/ul>\n\n\n\n<p><strong>Urlaubsantr\u00e4ge<\/strong>: bei Frau Wei\u00df (s.o.)<br>Urlaubsantr\u00e4ge sollen schriftlich (ansonsten formlos) abgegeben werden. In dem Antrag soll vermerkt werden, dass der Urlaub mit dem Ausbilder und, bei Vers\u00e4umen der AG, auch mit dem AG-Leiter abgesprochen ist.<\/p>\n\n\n\n<p><strong>Aush\u00e4nge:<\/strong> Schwarzes Brett im 6. Stock oder <strong><a href=\"https:\/\/www.schleswig-holstein.de\/DE\/justiz\/gerichte-und-justizbehoerden\/LandgerichteSH\/LGLuebeck\/AusbildungUndBeruf\/Referendare\/schwarzes_brett_fi?nn=14a77289-5079-4f88-9071-4596d444bb98\">hier<\/a><\/strong>.<\/p>\n\n\n\n<p>Mehr Informationen zu den Klausuren und AGs findet ihr <a href=\"https:\/\/www.schleswig-holstein.de\/DE\/justiz\/gerichte-und-justizbehoerden\/LandgerichteSH\/LGLuebeck\/AusbildungUndBeruf\/Referendare\/_documents\/referendare.html\"><strong>hier<\/strong><\/a>.<\/p>\n\n\n\n<p> <a href=\"http:\/\/www.luebeck.de\/\">Homepage der Stadt L\u00fcbeck<\/a> <\/p>\n\n\n\n<p><a href=\"https:\/\/www.schleswig-holstein.de\/DE\/justiz\/gerichte-und-justizbehoerden\/LandgerichteSH\/LGLuebeck\/LGLuebeck_node.html\">Homepage des Landgerichts L\u00fcbeck<\/a><\/p>\n\n\n\n<p><a href=\"http:\/\/referendarrat-sh.de\/?page_id=4553\">Examensstandort L\u00fcbeck<\/a><\/p>\n\n\n\n<p><strong>Anschriften der zugeh\u00f6rigen Amtsgerichte:<\/strong><\/p>\n\n\n\n<p>N\u00e4here Informationen auf den Seiten des LG L\u00fcbeck im <a href=\"https:\/\/www.schleswig-holstein.de\/DE\/justiz\/gerichte-und-justizbehoerden\/gerichte-und-justizbehoerden_node.html\">Bereich Amtsgerichte<\/a>. Dort gibt es auch Gesch\u00e4ftsverteilungspl\u00e4ne und Anfahrtsbeschreibungen.<\/p>\n\n\n<div class=\"wp-block-image\">\n<figure class=\"alignright size-large is-resized\"><img loading=\"lazy\" decoding=\"async\" width=\"768\" height=\"1024\" src=\"http:\/\/referendarrat-sh.de\/wp-content\/uploads\/2021\/10\/a6684baa-ae8e-4f26-902a-d985e102c060-768x1024.jpg\" alt=\"\" class=\"wp-image-8596\" style=\"width:269px;height:371px\" srcset=\"http:\/\/referendarrat-sh.de\/wp-content\/uploads\/2021\/10\/a6684baa-ae8e-4f26-902a-d985e102c060-768x1024.jpg 768w, http:\/\/referendarrat-sh.de\/wp-content\/uploads\/2021\/10\/a6684baa-ae8e-4f26-902a-d985e102c060-225x300.jpg 225w, http:\/\/referendarrat-sh.de\/wp-content\/uploads\/2021\/10\/a6684baa-ae8e-4f26-902a-d985e102c060-1152x1536.jpg 1152w, http:\/\/referendarrat-sh.de\/wp-content\/uploads\/2021\/10\/a6684baa-ae8e-4f26-902a-d985e102c060.jpg 1536w\" sizes=\"auto, (max-width: 768px) 100vw, 768px\" \/><figcaption class=\"wp-element-caption\">Schulungszentrum L\u00fcbeck<\/figcaption><\/figure>\n<\/div>\n\n\n<p>Amtsgericht Ahrensburg<br>K\u00f6nigstra\u00dfe 11<br>22926 Ahrensburg<br>Tel: 04102\/519-0<\/p>\n\n\n\n<p>Amtsgericht Eutin<br>Jungfernstieg 3<br>23701 Eutin<br>Tel.: 04521\/7056<\/p>\n\n\n<div class=\"wp-block-image\">\n<figure class=\"alignright size-large is-resized\"><img loading=\"lazy\" decoding=\"async\" width=\"768\" height=\"1024\" src=\"http:\/\/referendarrat-sh.de\/wp-content\/uploads\/2021\/10\/92112da4-3ea7-4762-b84f-a98e90b43460-768x1024.jpg\" alt=\"\" class=\"wp-image-8597\" style=\"width:264px;height:370px\" srcset=\"http:\/\/referendarrat-sh.de\/wp-content\/uploads\/2021\/10\/92112da4-3ea7-4762-b84f-a98e90b43460-768x1024.jpg 768w, http:\/\/referendarrat-sh.de\/wp-content\/uploads\/2021\/10\/92112da4-3ea7-4762-b84f-a98e90b43460-225x300.jpg 225w, http:\/\/referendarrat-sh.de\/wp-content\/uploads\/2021\/10\/92112da4-3ea7-4762-b84f-a98e90b43460-1152x1536.jpg 1152w, http:\/\/referendarrat-sh.de\/wp-content\/uploads\/2021\/10\/92112da4-3ea7-4762-b84f-a98e90b43460.jpg 1536w\" sizes=\"auto, (max-width: 768px) 100vw, 768px\" \/><figcaption class=\"wp-element-caption\">Amtsgericht L\u00fcbeck<\/figcaption><\/figure>\n<\/div>\n\n\n<p>Amtsgericht L\u00fcbeck<br>Am Burgfeld 7<br>23568 L\u00fcbeck<br>Tel: 0451\/3710<\/p>\n\n\n\n<p>Amtsgericht Oldenburg i.H.<br>G\u00f6hler Stra\u00dfe 90<br>23758 Oldenburg in Holstein<br>Tel:&nbsp;04361\/6240<\/p>\n\n\n\n<p>Amtsgericht Ratzeburg<br>Herrenstra\u00dfe 11<br>23909 Ratzeburg<br>Tel.: 04541\/86330<\/p>\n\n\n\n<p>Amtsgericht Reinbek<br>Parkallee 6<br>21465 Reinbek<br>Tel.: 040\/72759-0<\/p>\n\n\n\n<p>Amtsgericht Schwarzenbek<br>M\u00f6llner Str. 20<br>21493 Schwarzenbek<br>Tel.: 04151\/802-0<\/p>\n\n\n\n<hr class=\"wp-block-separator has-css-opacity\"\/>\n\n\n\n<div class=\"wp-block-group\"><div class=\"wp-block-group__inner-container is-layout-flow wp-block-group-is-layout-flow\">\n<h2 class=\"wp-block-heading\">Informationen zum Kleinen Klausurenkurs:<\/h2>\n\n\n\n<p>Beim kleinen Klausurenkurs wird keine Pr\u00e4senz beim Schreiben erwartet. Die Referendar:innen haben jeweils eine Woche Zeit, die Klausur anzufertigen. Die Arbeitsgemeinschaftsleiter:innen bitten jedoch darum, die Bearbeitungszeit auf insgesamt 5 Stunden zu begrenzen.<\/p>\n\n\n\n<p><strong>Verpflichtend ist jedoch die Teilnahme an der Besprechung<\/strong>, in der der Themenschwerpunkt der Klausur \u00fcber die unmittelbar in der Klausur aufgeworfenen Probleme hinaus er\u00f6rtert werden kann. Eine L\u00f6sung wird nicht online gestellt.<\/p>\n\n\n\n<p>Nur in <strong>Ausnahmef\u00e4llen wird eine Befreiung von der Pr\u00e4senzpflicht<\/strong> erteilt. Die Befreiung ist per Email beim richterlichen Referenten zu beantragen. Weitere Durchf\u00fchrungshinweise sind jeweils auf den Deckbl\u00e4ttern der Klausuren abgedruckt.<\/p>\n\n\n\n<p>Die Termine f\u00fcr die Ausgabe, Abgabe und Besprechung sind auf der Internetseite LG L\u00fcbeck zu finden. Die Klausursachverhalte werden am jeweiligen Termin ab 07:00 Uhr auf dem schwarzen Brett online gestellt. Die Abgabe der nicht Pr\u00e4senz geschriebene Klausuren kann per Post oder Briefeinwurf erfolgen.  <\/p>\n\n\n\n<p><!--EndFragment--><\/p>\n<\/div><\/div>\n","protected":false},"excerpt":{"rendered":"<p>Dieses Referat wird aktuell betreut von Anne von Houwald und Julia Sonnenschein. Anne und Julia erreicht ihr \u00fcber: Luebeck@referendarrat-sh.de Anschrift des Landgerichts:Am Burgfeld 723568 L\u00fcbeckTel: 0451\/371-0Landgericht L\u00fcbeck Referentinnen f\u00fcr die Ausbildung: Bei Fragen rund um die Ausbildung meldet euch bitte &hellip; <a href=\"http:\/\/referendarrat-sh.de\/?page_id=4479\">Weiterlesen <span class=\"meta-nav\">&rarr;<\/span><\/a><\/p>\n","protected":false},"author":1,"featured_media":0,"parent":7787,"menu_order":0,"comment_status":"closed","ping_status":"closed","template":"","meta":{"footnotes":""},"class_list":["post-4479","page","type-page","status-publish","hentry"],"_links":{"self":[{"href":"http:\/\/referendarrat-sh.de\/index.php?rest_route=\/wp\/v2\/pages\/4479","targetHints":{"allow":["GET"]}}],"collection":[{"href":"http:\/\/referendarrat-sh.de\/index.php?rest_route=\/wp\/v2\/pages"}],"about":[{"href":"http:\/\/referendarrat-sh.de\/index.php?rest_route=\/wp\/v2\/types\/page"}],"author":[{"embeddable":true,"href":"http:\/\/referendarrat-sh.de\/index.php?rest_route=\/wp\/v2\/users\/1"}],"replies":[{"embeddable":true,"href":"http:\/\/referendarrat-sh.de\/index.php?rest_route=%2Fwp%2Fv2%2Fcomments&post=4479"}],"version-history":[{"count":57,"href":"http:\/\/referendarrat-sh.de\/index.php?rest_route=\/wp\/v2\/pages\/4479\/revisions"}],"predecessor-version":[{"id":11340,"href":"http:\/\/referendarrat-sh.de\/index.php?rest_route=\/wp\/v2\/pages\/4479\/revisions\/11340"}],"up":[{"embeddable":true,"href":"http:\/\/referendarrat-sh.de\/index.php?rest_route=\/wp\/v2\/pages\/7787"}],"wp:attachment":[{"href":"http:\/\/referendarrat-sh.de\/index.php?rest_route=%2Fwp%2Fv2%2Fmedia&parent=4479"}],"curies":[{"name":"wp","href":"https:\/\/api.w.org\/{rel}","templated":true}]}}